{"id":3759,"date":"2025-03-07T21:27:21","date_gmt":"2025-03-07T20:27:21","guid":{"rendered":"https:\/\/velvetmassage.cz\/?page_id=3759"},"modified":"2026-03-19T17:09:48","modified_gmt":"2026-03-19T16:09:48","slug":"interier","status":"publish","type":"page","link":"https:\/\/velvetmassage.cz\/cs\/interier\/","title":{"rendered":"Interi\u00e9r"},"content":{"rendered":"\t\t<div data-elementor-type=\"wp-page\" data-elementor-id=\"3759\" class=\"elementor elementor-3759\" data-elementor-post-type=\"page\">\n\t\t\t\t<div class=\"elementor-element elementor-element-dde3b20 e-flex e-con-boxed e-con e-parent\" data-id=\"dde3b20\" data-element_type=\"container\" data-e-type=\"container\">\n\t\t\t\t\t<div class=\"e-con-inner\">\n\t\t\t\t<div class=\"elementor-element elementor-element-0361114 elementor-widget__width-initial elementor-widget elementor-widget-heading\" data-id=\"0361114\" data-element_type=\"widget\" data-e-type=\"widget\" data-widget_type=\"heading.default\">\n\t\t\t\t<div class=\"elementor-widget-container\">\n\t\t\t\t\t<h1 class=\"elementor-heading-title elementor-size-default\">Interi\u00e9r<\/h1>\t\t\t\t<\/div>\n\t\t\t\t<\/div>\n\t\t\t\t\t<\/div>\n\t\t\t\t<\/div>\n\t\t<div class=\"elementor-element elementor-element-442b419 e-flex e-con-boxed e-con e-child\" data-id=\"442b419\" data-element_type=\"container\" data-e-type=\"container\" data-settings=\"{&quot;background_background&quot;:&quot;classic&quot;}\">\n\t\t\t\t\t<div class=\"e-con-inner\">\n\t\t<div class=\"elementor-element elementor-element-b2d9449 e-con-full e-flex e-con e-child\" data-id=\"b2d9449\" data-element_type=\"container\" data-e-type=\"container\">\n\t\t\t\t<div class=\"elementor-element elementor-element-17a5a58 elementor-widget__width-initial elementor-widget elementor-widget-text-editor\" data-id=\"17a5a58\" data-element_type=\"widget\" data-e-type=\"widget\" data-widget_type=\"text-editor.default\">\n\t\t\t\t<div class=\"elementor-widget-container\">\n\t\t\t\t\t\t\t\t\t<h2 data-start=\"0\" data-end=\"38\">Vstupte do sv\u011bta Velvet Touch Praha<\/h2><p data-start=\"40\" data-end=\"335\">Nechte stres, starosti i shon v\u0161edn\u00edch dn\u00ed za dve\u0159mi. <strong data-start=\"94\" data-end=\"116\">Velvet Touch Praha<\/strong> je m\u00edsto, kde v\u00e1s \u010dek\u00e1 klid, soukrom\u00ed a <strong data-start=\"157\" data-end=\"195\">smysln\u00e1 mas\u00e1\u017e v luxusn\u00edm prost\u0159ed\u00ed<\/strong>. B\u011bhem n\u011bkolika minut zpomal\u00edte, uvoln\u00edte nap\u011bt\u00ed a stanete se hlavn\u00ed postavou z\u00e1\u017eitku pln\u00e9ho jemn\u00fdch dotek\u016f, relaxace a p\u0159\u00edjemn\u00e9 atmosf\u00e9ry.<\/p><h3 data-start=\"337\" data-end=\"387\">Luxusn\u00ed prost\u0159ed\u00ed, kter\u00e9 podtrhne ka\u017ed\u00fd detail<\/h3><p data-start=\"388\" data-end=\"707\">V na\u0161em salonu najdete <strong data-start=\"411\" data-end=\"461\">modern\u011b za\u0159\u00edzen\u00e9 pokoje v elegantn\u00edm interi\u00e9ru<\/strong>, s decentn\u00ed hudbou a p\u0159\u00edjemn\u00fdm osv\u011btlen\u00edm. D\u016fraz klademe na pohodl\u00ed, \u010distotu a diskr\u00e9tnost, aby va\u0161e <strong data-start=\"563\" data-end=\"580\">mas\u00e1\u017e v Praze<\/strong> prob\u011bhla v naprost\u00e9 pohod\u011b. K dispozici je tak\u00e9 <strong data-start=\"629\" data-end=\"646\">sal\u00f3nek a bar<\/strong>, kde si m\u016f\u017eete d\u00e1t drink a naladit se na sv\u016fj osobn\u00ed ritu\u00e1l.<\/p><h3 data-start=\"709\" data-end=\"752\">T\u0159i soukrom\u00e9 pokoje a maxim\u00e1ln\u00ed komfort<\/h3><p data-start=\"753\" data-end=\"857\">Salon se nach\u00e1z\u00ed v prostorn\u00e9m patrov\u00e9m byt\u011b a nab\u00edz\u00ed <strong data-start=\"806\" data-end=\"839\">t\u0159i samostatn\u00e9 mas\u00e1\u017en\u00ed pokoje<\/strong>. Ka\u017ed\u00fd z nich m\u00e1:<\/p><ul data-start=\"858\" data-end=\"1041\"><li data-start=\"858\" data-end=\"903\"><p data-start=\"860\" data-end=\"903\"><strong data-start=\"860\" data-end=\"885\">vlastn\u00ed sprchov\u00fd kout<\/strong> pro va\u0161e pohodl\u00ed,<\/p><\/li><li data-start=\"904\" data-end=\"963\"><p data-start=\"906\" data-end=\"963\">mo\u017enost <strong data-start=\"914\" data-end=\"930\">otev\u0159\u00edt okno<\/strong> a pustit dovnit\u0159 \u010derstv\u00fd vzduch,<\/p><\/li><li data-start=\"964\" data-end=\"1041\"><p data-start=\"966\" data-end=\"1041\"><strong data-start=\"966\" data-end=\"1004\">komfortn\u00ed postel s mas\u00e1\u017en\u00ed matrac\u00ed<\/strong>, kter\u00e1 zp\u0159\u00edjemn\u00ed cel\u00fd pr\u016fb\u011bh mas\u00e1\u017ee.<\/p><\/li><\/ul><p data-start=\"1043\" data-end=\"1156\">Jeden pokoj je nav\u00edc vybaven <strong data-start=\"1072\" data-end=\"1094\">v\u00ed\u0159ivkou a sprchou<\/strong>, tak\u017ee si m\u016f\u017eete dop\u0159\u00e1t je\u0161t\u011b vy\u0161\u0161\u00ed \u00farove\u0148 relaxu a komfortu.<\/p><h3 data-start=\"1158\" data-end=\"1208\">Diskr\u00e9tn\u00ed m\u00edsto pro relaxaci a smysln\u00fd z\u00e1\u017eitek<\/h3><p data-start=\"1209\" data-end=\"1386\">V\u011b\u0159\u00edme, \u017ee prost\u0159ed\u00ed Velvet Touch umocn\u00ed ka\u017ed\u00fd okam\u017eik va\u0161\u00ed n\u00e1v\u0161t\u011bvy. Pe\u010dliv\u011b lad\u00edme atmosf\u00e9ru tak, aby se probudily v\u0161echny va\u0161e smysly \u2013 od prvn\u00edho kroku a\u017e po posledn\u00ed dotek.<\/p><p data-start=\"1388\" data-end=\"1499\" data-is-last-node=\"\" data-is-only-node=\"\"><strong data-start=\"1388\" data-end=\"1413\">Mas\u00e1\u017e nen\u00ed jen dotek.<\/strong> Je to harmonick\u00fd z\u00e1\u017eitek pro t\u011blo i mysl\u2026 a chv\u00edle, na kterou se budete cht\u00edt vr\u00e1tit.<\/p>\t\t\t\t\t\t\t\t<\/div>\n\t\t\t\t<\/div>\n\t\t\t\t<\/div>\n\t\t<div class=\"elementor-element elementor-element-0b95871 e-con-full e-flex e-con e-child\" data-id=\"0b95871\" data-element_type=\"container\" data-e-type=\"container\">\n\t\t<div class=\"elementor-element elementor-element-d2fd2dc e-con-full e-flex e-con e-child\" data-id=\"d2fd2dc\" data-element_type=\"container\" data-e-type=\"container\" data-settings=\"{&quot;background_background&quot;:&quot;classic&quot;}\">\n\t\t<div class=\"elementor-element elementor-element-781e558 e-con-full e-flex e-con e-child\" data-id=\"781e558\" data-element_type=\"container\" data-e-type=\"container\" data-settings=\"{&quot;background_background&quot;:&quot;classic&quot;}\">\n\t\t<div class=\"elementor-element elementor-element-c142260 e-con-full e-flex e-con e-child\" data-id=\"c142260\" data-element_type=\"container\" data-e-type=\"container\">\n\t\t\t\t<div class=\"elementor-element elementor-element-714b737 elementor-widget elementor-widget-gallery\" data-id=\"714b737\" data-element_type=\"widget\" data-e-type=\"widget\" data-settings=\"{&quot;gap&quot;:{&quot;unit&quot;:&quot;px&quot;,&quot;size&quot;:22,&quot;sizes&quot;:[]},&quot;aspect_ratio&quot;:&quot;1:1&quot;,&quot;lazyload&quot;:&quot;yes&quot;,&quot;gallery_layout&quot;:&quot;grid&quot;,&quot;columns&quot;:4,&quot;columns_tablet&quot;:2,&quot;columns_mobile&quot;:1,&quot;gap_tablet&quot;:{&quot;unit&quot;:&quot;px&quot;,&quot;size&quot;:10,&quot;sizes&quot;:[]},&quot;gap_mobile&quot;:{&quot;unit&quot;:&quot;px&quot;,&quot;size&quot;:10,&quot;sizes&quot;:[]},&quot;link_to&quot;:&quot;file&quot;,&quot;overlay_background&quot;:&quot;yes&quot;,&quot;content_hover_animation&quot;:&quot;fade-in&quot;}\" data-widget_type=\"gallery.default\">\n\t\t\t\t<div class=\"elementor-widget-container\">\n\t\t\t\t\t\t\t<div class=\"elementor-gallery__container\">\n\t\t\t\t\t\t\t<a class=\"e-gallery-item elementor-gallery-item elementor-animated-content\" href=\"https:\/\/velvetmassage.cz\/wp-content\/uploads\/2026\/01\/velvet-massage.jpg\" data-elementor-open-lightbox=\"yes\" data-elementor-lightbox-slideshow=\"714b737\" data-elementor-lightbox-title=\"velvet massage\" data-e-action-hash=\"#elementor-action%3Aaction%3Dlightbox%26settings%3DeyJpZCI6NTEwMywidXJsIjoiaHR0cHM6XC9cL3ZlbHZldG1hc3NhZ2UuY3pcL3dwLWNvbnRlbnRcL3VwbG9hZHNcLzIwMjZcLzAxXC92ZWx2ZXQtbWFzc2FnZS5qcGciLCJzbGlkZXNob3ciOiI3MTRiNzM3In0%3D\">\n\t\t\t\t\t<div class=\"e-gallery-image elementor-gallery-item__image\" data-thumbnail=\"https:\/\/velvetmassage.cz\/wp-content\/uploads\/2026\/01\/velvet-massage.jpg\" data-width=\"864\" data-height=\"1184\" aria-label=\"\" role=\"img\" ><\/div>\n\t\t\t\t\t\t\t\t\t\t\t<div class=\"elementor-gallery-item__overlay\"><\/div>\n\t\t\t\t\t\t\t\t\t\t\t\t\t\t<\/a>\n\t\t\t\t\t\t\t<a class=\"e-gallery-item elementor-gallery-item elementor-animated-content\" href=\"https:\/\/velvetmassage.cz\/wp-content\/uploads\/2026\/01\/pokoj-velvet-massage.png\" data-elementor-open-lightbox=\"yes\" data-elementor-lightbox-slideshow=\"714b737\" data-elementor-lightbox-title=\"pokoj velvet massage\" data-e-action-hash=\"#elementor-action%3Aaction%3Dlightbox%26settings%3DeyJpZCI6NTEwNCwidXJsIjoiaHR0cHM6XC9cL3ZlbHZldG1hc3NhZ2UuY3pcL3dwLWNvbnRlbnRcL3VwbG9hZHNcLzIwMjZcLzAxXC9wb2tvai12ZWx2ZXQtbWFzc2FnZS5wbmciLCJzbGlkZXNob3ciOiI3MTRiNzM3In0%3D\">\n\t\t\t\t\t<div class=\"e-gallery-image elementor-gallery-item__image\" data-thumbnail=\"https:\/\/velvetmassage.cz\/wp-content\/uploads\/2026\/01\/pokoj-velvet-massage.png\" data-width=\"864\" data-height=\"1184\" aria-label=\"\" role=\"img\" ><\/div>\n\t\t\t\t\t\t\t\t\t\t\t<div class=\"elementor-gallery-item__overlay\"><\/div>\n\t\t\t\t\t\t\t\t\t\t\t\t\t\t<\/a>\n\t\t\t\t\t\t\t<a class=\"e-gallery-item elementor-gallery-item elementor-animated-content\" href=\"https:\/\/velvetmassage.cz\/wp-content\/uploads\/2026\/01\/velvet-massage-room.png\" data-elementor-open-lightbox=\"yes\" data-elementor-lightbox-slideshow=\"714b737\" data-elementor-lightbox-title=\"velvet massage room\" data-e-action-hash=\"#elementor-action%3Aaction%3Dlightbox%26settings%3DeyJpZCI6NTEwNSwidXJsIjoiaHR0cHM6XC9cL3ZlbHZldG1hc3NhZ2UuY3pcL3dwLWNvbnRlbnRcL3VwbG9hZHNcLzIwMjZcLzAxXC92ZWx2ZXQtbWFzc2FnZS1yb29tLnBuZyIsInNsaWRlc2hvdyI6IjcxNGI3MzcifQ%3D%3D\">\n\t\t\t\t\t<div class=\"e-gallery-image elementor-gallery-item__image\" data-thumbnail=\"https:\/\/velvetmassage.cz\/wp-content\/uploads\/2026\/01\/velvet-massage-room.png\" data-width=\"731\" data-height=\"1088\" aria-label=\"\" role=\"img\" ><\/div>\n\t\t\t\t\t\t\t\t\t\t\t<div class=\"elementor-gallery-item__overlay\"><\/div>\n\t\t\t\t\t\t\t\t\t\t\t\t\t\t<\/a>\n\t\t\t\t\t\t\t<a class=\"e-gallery-item elementor-gallery-item elementor-animated-content\" href=\"https:\/\/velvetmassage.cz\/wp-content\/uploads\/2025\/08\/Velvet-Touch-interier-Erotic-massage-Prague-7.jpg\" data-elementor-open-lightbox=\"yes\" data-elementor-lightbox-slideshow=\"714b737\" data-elementor-lightbox-title=\"Velvet-Touch-interier-Erotic-massage-Prague-7\" data-e-action-hash=\"#elementor-action%3Aaction%3Dlightbox%26settings%3DeyJpZCI6NDQ4NCwidXJsIjoiaHR0cHM6XC9cL3ZlbHZldG1hc3NhZ2UuY3pcL3dwLWNvbnRlbnRcL3VwbG9hZHNcLzIwMjVcLzA4XC9WZWx2ZXQtVG91Y2gtaW50ZXJpZXItRXJvdGljLW1hc3NhZ2UtUHJhZ3VlLTcuanBnIiwic2xpZGVzaG93IjoiNzE0YjczNyJ9\">\n\t\t\t\t\t<div class=\"e-gallery-image elementor-gallery-item__image\" data-thumbnail=\"https:\/\/velvetmassage.cz\/wp-content\/uploads\/2025\/08\/Velvet-Touch-interier-Erotic-massage-Prague-7.jpg\" data-width=\"1200\" data-height=\"1600\" aria-label=\"\" role=\"img\" ><\/div>\n\t\t\t\t\t\t\t\t\t\t\t<div class=\"elementor-gallery-item__overlay\"><\/div>\n\t\t\t\t\t\t\t\t\t\t\t\t\t\t<\/a>\n\t\t\t\t\t\t\t<a class=\"e-gallery-item elementor-gallery-item elementor-animated-content\" href=\"https:\/\/velvetmassage.cz\/wp-content\/uploads\/2025\/08\/Velvet-Touch-interier-Erotic-massage-Prague-4.jpg\" data-elementor-open-lightbox=\"yes\" data-elementor-lightbox-slideshow=\"714b737\" data-elementor-lightbox-title=\"Velvet-Touch-interier-Erotic-massage-Prague-4\" data-e-action-hash=\"#elementor-action%3Aaction%3Dlightbox%26settings%3DeyJpZCI6NDQ4NywidXJsIjoiaHR0cHM6XC9cL3ZlbHZldG1hc3NhZ2UuY3pcL3dwLWNvbnRlbnRcL3VwbG9hZHNcLzIwMjVcLzA4XC9WZWx2ZXQtVG91Y2gtaW50ZXJpZXItRXJvdGljLW1hc3NhZ2UtUHJhZ3VlLTQuanBnIiwic2xpZGVzaG93IjoiNzE0YjczNyJ9\">\n\t\t\t\t\t<div class=\"e-gallery-image elementor-gallery-item__image\" data-thumbnail=\"https:\/\/velvetmassage.cz\/wp-content\/uploads\/2025\/08\/Velvet-Touch-interier-Erotic-massage-Prague-4.jpg\" data-width=\"960\" data-height=\"1280\" aria-label=\"\" role=\"img\" ><\/div>\n\t\t\t\t\t\t\t\t\t\t\t<div class=\"elementor-gallery-item__overlay\"><\/div>\n\t\t\t\t\t\t\t\t\t\t\t\t\t\t<\/a>\n\t\t\t\t\t\t\t<a class=\"e-gallery-item elementor-gallery-item elementor-animated-content\" href=\"https:\/\/velvetmassage.cz\/wp-content\/uploads\/2025\/08\/Velvet-Touch-interier-Erotic-massage-Prague-12.jpg\" data-elementor-open-lightbox=\"yes\" data-elementor-lightbox-slideshow=\"714b737\" data-elementor-lightbox-title=\"Velvet-Touch-interier-Erotic-massage-Prague-12\" data-e-action-hash=\"#elementor-action%3Aaction%3Dlightbox%26settings%3DeyJpZCI6NDQ3OSwidXJsIjoiaHR0cHM6XC9cL3ZlbHZldG1hc3NhZ2UuY3pcL3dwLWNvbnRlbnRcL3VwbG9hZHNcLzIwMjVcLzA4XC9WZWx2ZXQtVG91Y2gtaW50ZXJpZXItRXJvdGljLW1hc3NhZ2UtUHJhZ3VlLTEyLmpwZyIsInNsaWRlc2hvdyI6IjcxNGI3MzcifQ%3D%3D\">\n\t\t\t\t\t<div class=\"e-gallery-image elementor-gallery-item__image\" data-thumbnail=\"https:\/\/velvetmassage.cz\/wp-content\/uploads\/2025\/08\/Velvet-Touch-interier-Erotic-massage-Prague-12.jpg\" data-width=\"960\" data-height=\"1280\" aria-label=\"\" role=\"img\" ><\/div>\n\t\t\t\t\t\t\t\t\t\t\t<div class=\"elementor-gallery-item__overlay\"><\/div>\n\t\t\t\t\t\t\t\t\t\t\t\t\t\t<\/a>\n\t\t\t\t\t\t\t<a class=\"e-gallery-item elementor-gallery-item elementor-animated-content\" href=\"https:\/\/velvetmassage.cz\/wp-content\/uploads\/2026\/01\/maserka-velvet-massage.jpg\" data-elementor-open-lightbox=\"yes\" data-elementor-lightbox-slideshow=\"714b737\" data-elementor-lightbox-title=\"maserka velvet massage\" data-e-action-hash=\"#elementor-action%3Aaction%3Dlightbox%26settings%3DeyJpZCI6NTEyMywidXJsIjoiaHR0cHM6XC9cL3ZlbHZldG1hc3NhZ2UuY3pcL3dwLWNvbnRlbnRcL3VwbG9hZHNcLzIwMjZcLzAxXC9tYXNlcmthLXZlbHZldC1tYXNzYWdlLmpwZyIsInNsaWRlc2hvdyI6IjcxNGI3MzcifQ%3D%3D\">\n\t\t\t\t\t<div class=\"e-gallery-image elementor-gallery-item__image\" data-thumbnail=\"https:\/\/velvetmassage.cz\/wp-content\/uploads\/2026\/01\/maserka-velvet-massage.jpg\" data-width=\"747\" data-height=\"945\" aria-label=\"\" role=\"img\" ><\/div>\n\t\t\t\t\t\t\t\t\t\t\t<div class=\"elementor-gallery-item__overlay\"><\/div>\n\t\t\t\t\t\t\t\t\t\t\t\t\t\t<\/a>\n\t\t\t\t\t\t\t<a class=\"e-gallery-item elementor-gallery-item elementor-animated-content\" href=\"https:\/\/velvetmassage.cz\/wp-content\/uploads\/2025\/08\/VelvetTouch-interier-01.jpeg\" data-elementor-open-lightbox=\"yes\" data-elementor-lightbox-slideshow=\"714b737\" data-elementor-lightbox-title=\"VelvetTouch-interier 01\" data-e-action-hash=\"#elementor-action%3Aaction%3Dlightbox%26settings%3DeyJpZCI6NDQ4OSwidXJsIjoiaHR0cHM6XC9cL3ZlbHZldG1hc3NhZ2UuY3pcL3dwLWNvbnRlbnRcL3VwbG9hZHNcLzIwMjVcLzA4XC9WZWx2ZXRUb3VjaC1pbnRlcmllci0wMS5qcGVnIiwic2xpZGVzaG93IjoiNzE0YjczNyJ9\">\n\t\t\t\t\t<div class=\"e-gallery-image elementor-gallery-item__image\" data-thumbnail=\"https:\/\/velvetmassage.cz\/wp-content\/uploads\/2025\/08\/VelvetTouch-interier-01.jpeg\" data-width=\"1200\" data-height=\"1600\" aria-label=\"\" role=\"img\" ><\/div>\n\t\t\t\t\t\t\t\t\t\t\t<div class=\"elementor-gallery-item__overlay\"><\/div>\n\t\t\t\t\t\t\t\t\t\t\t\t\t\t<\/a>\n\t\t\t\t\t<\/div>\n\t\t\t\t\t<\/div>\n\t\t\t\t<\/div>\n\t\t\t\t<\/div>\n\t\t\t\t<\/div>\n\t\t\t\t<\/div>\n\t\t\t\t<\/div>\n\t\t\t\t\t<\/div>\n\t\t\t\t<\/div>\n\t\t\t\t<\/div>\n\t\t","protected":false},"excerpt":{"rendered":"<p>Vstupte do sv\u011bta Velvet Touch Praha Nechte stres, starosti i shon v\u0161edn\u00edch dn\u00ed za dve\u0159mi. Velvet Touch Praha je m\u00edsto, kde v\u00e1s \u010dek\u00e1 klid, soukrom\u00ed a smysln\u00e1 mas\u00e1\u017e v luxusn\u00edm prost\u0159ed\u00ed. B\u011bhem n\u011bkolika minut zpomal\u00edte, uvoln\u00edte nap\u011bt\u00ed a stanete se hlavn\u00ed postavou z\u00e1\u017eitku pln\u00e9ho jemn\u00fdch dotek\u016f, relaxace a p\u0159\u00edjemn\u00e9 atmosf\u00e9ry. Luxusn\u00ed prost\u0159ed\u00ed, kter\u00e9 podtrhne ka\u017ed\u00fd [&hellip;]<\/p>\n","protected":false},"author":1,"featured_media":0,"parent":0,"menu_order":0,"comment_status":"closed","ping_status":"closed","template":"elementor_header_footer","meta":{"_acf_changed":false,"footnotes":""},"class_list":["post-3759","page","type-page","status-publish","hentry"],"acf":[],"_links":{"self":[{"href":"https:\/\/velvetmassage.cz\/cs\/wp-json\/wp\/v2\/pages\/3759","targetHints":{"allow":["GET"]}}],"collection":[{"href":"https:\/\/velvetmassage.cz\/cs\/wp-json\/wp\/v2\/pages"}],"about":[{"href":"https:\/\/velvetmassage.cz\/cs\/wp-json\/wp\/v2\/types\/page"}],"author":[{"embeddable":true,"href":"https:\/\/velvetmassage.cz\/cs\/wp-json\/wp\/v2\/users\/1"}],"replies":[{"embeddable":true,"href":"https:\/\/velvetmassage.cz\/cs\/wp-json\/wp\/v2\/comments?post=3759"}],"version-history":[{"count":0,"href":"https:\/\/velvetmassage.cz\/cs\/wp-json\/wp\/v2\/pages\/3759\/revisions"}],"wp:attachment":[{"href":"https:\/\/velvetmassage.cz\/cs\/wp-json\/wp\/v2\/media?parent=3759"}],"curies":[{"name":"wp","href":"https:\/\/api.w.org\/{rel}","templated":true}]}}