{"id":342,"date":"2024-06-15T05:42:26","date_gmt":"2024-06-15T03:42:26","guid":{"rendered":"https:\/\/velvetmassage.cz\/?page_id=342"},"modified":"2026-03-19T17:32:09","modified_gmt":"2026-03-19T16:32:09","slug":"ceny","status":"publish","type":"page","link":"https:\/\/velvetmassage.cz\/cs\/ceny\/","title":{"rendered":"Ceny"},"content":{"rendered":"\t\t<div data-elementor-type=\"wp-page\" data-elementor-id=\"342\" class=\"elementor elementor-342\" data-elementor-post-type=\"page\">\n\t\t\t\t<div class=\"elementor-element elementor-element-1e7dc82 e-flex e-con-boxed e-con e-parent\" data-id=\"1e7dc82\" data-element_type=\"container\" data-e-type=\"container\">\n\t\t\t\t\t<div class=\"e-con-inner\">\n\t\t\t\t<div class=\"elementor-element elementor-element-28417f7 elementor-widget__width-initial elementor-widget elementor-widget-heading\" data-id=\"28417f7\" data-element_type=\"widget\" data-e-type=\"widget\" data-widget_type=\"heading.default\">\n\t\t\t\t<div class=\"elementor-widget-container\">\n\t\t\t\t\t<h1 class=\"elementor-heading-title elementor-size-default\">Ceny mas\u00e1\u017e\u00ed<\/h1>\t\t\t\t<\/div>\n\t\t\t\t<\/div>\n\t\t<div class=\"elementor-element elementor-element-ae37a8d e-con-full e-flex e-con e-child\" data-id=\"ae37a8d\" data-element_type=\"container\" data-e-type=\"container\">\n\t\t\t\t<div class=\"elementor-element elementor-element-3a74583 elementor-widget__width-initial elementor-widget elementor-widget-text-editor\" data-id=\"3a74583\" data-element_type=\"widget\" data-e-type=\"widget\" data-widget_type=\"text-editor.default\">\n\t\t\t\t<div class=\"elementor-widget-container\">\n\t\t\t\t\t\t\t\t\t<p>Ceny mas\u00e1\u017e\u00ed ve Velvet Touch jsou f\u00e9rov\u00e9 a kone\u010dn\u00e9.<br \/>V cen\u011b je zahrnuto v\u0161e pro v\u00e1\u0161 maxim\u00e1ln\u00ed komfort, od spole\u010dn\u00e9 sprchy po mas\u00e1\u017ei a\u017e po vz\u00e1jemn\u00e9 doteky a neomezen\u00e9 vyvrcholen\u00ed.<\/p><p>U n\u00e1s v\u00edte p\u0159esn\u011b, za co plat\u00edte \u2013 \u017e\u00e1dn\u00e1 nep\u0159\u00edjemn\u00e1 p\u0159ekvapen\u00ed.<br \/>P\u0159ij\u00edm\u00e1me platby v CZK i EUR.<\/p>\t\t\t\t\t\t\t\t<\/div>\n\t\t\t\t<\/div>\n\t\t\t\t<\/div>\n\t\t\t\t\t<\/div>\n\t\t\t\t<\/div>\n\t\t<div class=\"elementor-element elementor-element-af058f1 e-flex e-con-boxed e-con e-parent\" data-id=\"af058f1\" data-element_type=\"container\" data-e-type=\"container\">\n\t\t\t\t\t<div class=\"e-con-inner\">\n\t\t<div class=\"elementor-element elementor-element-891c37d e-con-full e-flex e-con e-child\" data-id=\"891c37d\" data-element_type=\"container\" data-e-type=\"container\" data-settings=\"{&quot;background_background&quot;:&quot;classic&quot;}\">\n\t\t<div class=\"elementor-element elementor-element-f53c15b e-con-full e-flex e-con e-child\" data-id=\"f53c15b\" data-element_type=\"container\" data-e-type=\"container\">\n\t\t\t\t<div class=\"elementor-element elementor-element-066ba48 elementor-widget elementor-widget-text-editor\" data-id=\"066ba48\" data-element_type=\"widget\" data-e-type=\"widget\" data-widget_type=\"text-editor.default\">\n\t\t\t\t<div class=\"elementor-widget-container\">\n\t\t\t\t\t\t\t\t\t<table dir=\"ltr\" border=\"1\" cellspacing=\"0\" cellpadding=\"0\" data-sheets-root=\"1\" data-sheets-baot=\"1\"><colgroup> <col width=\"298\" \/> <col width=\"97\" \/> <col width=\"117\" \/> <col width=\"115\" \/> <col width=\"90\" \/><\/colgroup><tbody><tr><td>Typ mas\u00e1\u017ee<\/td><td>D\u00e9lka<\/td><td>Cena (CZK)<\/td><td>Cena (\u20ac)<\/td><td>Happy Hours<\/td><\/tr><tr><td>Erotick\u00e1 mas\u00e1\u017e<\/td><td>30 min<\/td><td>1\u00a0200 K\u010d<\/td><td>56 \u20ac<\/td><td>\u00a0<\/td><\/tr><tr><td>\u00a0<\/td><td>60 min<\/td><td>1\u00a0600 K\u010d<\/td><td>74 \u20ac<\/td><td>\u00a0<\/td><\/tr><tr><td>Body to Body mas\u00e1\u017e<\/td><td>30 min<\/td><td>1\u00a0600 K\u010d<\/td><td>74 \u20ac<\/td><td>\u00a0<\/td><\/tr><tr><td>\u00a0<\/td><td>60 min<\/td><td>2\u00a0000 K\u010d<\/td><td>90 \u20ac<\/td><td>-200 K\u010d<\/td><\/tr><tr><td>\u00a0<\/td><td>90 min<\/td><td>2\u00a0800 K\u010d<\/td><td>127 \u20ac<\/td><td>-300 K\u010d<\/td><\/tr><tr><td>Lingam mas\u00e1\u017e<\/td><td>30 min<\/td><td>1 700 K\u010d<\/td><td>77 \u20ac<\/td><td>\u00a0<\/td><\/tr><tr><td>\u00a0<\/td><td>60 min<\/td><td>2 000 K\u010d<\/td><td>90 \u20ac<\/td><td>\u00a0<\/td><\/tr><tr><td>Mix mas\u00e1\u017e (popul\u00e1rn\u00ed)<\/td><td>30 min<\/td><td>1 800 K\u010d<\/td><td>83 \u20ac<\/td><td>\u00a0<\/td><\/tr><tr><td>\u00a0<\/td><td>60 min<\/td><td>2 200 K\u010d<\/td><td>100 \u20ac<\/td><td>-200 K\u010d<\/td><\/tr><tr><td>\u00a0<\/td><td>90 min<\/td><td>3 100 K\u010d<\/td><td>143 \u20ac<\/td><td>-300 K\u010d<\/td><\/tr><tr><td>Velvet VIP mas\u00e1\u017e (popul\u00e1rn\u00ed)<\/td><td>30 min<\/td><td>2\u00a0000 K\u010d<\/td><td>90 \u20ac<\/td><td>\u00a0<\/td><\/tr><tr><td>\u00a0<\/td><td>60 min<\/td><td>3\u00a0000 K\u010d<\/td><td>137 \u20ac<\/td><td>-500 K\u010d<\/td><\/tr><tr><td>\u00a0<\/td><td>90 min<\/td><td>3\u00a0500 K\u010d<\/td><td>159 \u20ac<\/td><td>-500 K\u010d<\/td><\/tr><tr><td>Velvet SPA &#8211; Jacuzzi (popul\u00e1rn\u00ed)<\/td><td>100 min<\/td><td>4\u00a0000 K\u010d<\/td><td>183 \u20ac<\/td><td>\u00a0<\/td><\/tr><tr><td>\u00a0<\/td><td>130 min<\/td><td>5\u00a0000 K\u010d<\/td><td>250 \u20ac<\/td><td>\u00a0<\/td><\/tr><tr><td>Blue Boy mas\u00e1\u017e (rezervace)<\/td><td>30 min<\/td><td>2\u00a0500 K\u010d<\/td><td>114 \u20ac<\/td><td>\u00a0<\/td><\/tr><tr><td>\u00a0<\/td><td>60 min<\/td><td>3\u00a0000 K\u010d<\/td><td>137 \u20ac<\/td><td>\u00a0<\/td><\/tr><tr><td>\u00a0<\/td><td><div><div>P\u0159i mas\u00e1\u017ei 120 minut +20 min zdarma<\/div><\/div><\/td><td>\u00a0<\/td><td>\u00a0<\/td><td>\u00a0<\/td><\/tr><tr><td>Mas\u00e1\u017e pro \u017eeny (rezervace)<\/td><td>30 min<\/td><td>2\u00a0000 K\u010d<\/td><td>90 \u20ac<\/td><td>\u00a0<\/td><\/tr><tr><td>\u00a0<\/td><td>60 min<\/td><td>2\u00a0500 K\u010d<\/td><td>114 \u20ac<\/td><td>\u00a0<\/td><\/tr><tr><td>\u00a0<\/td><td><div><div>P\u0159i mas\u00e1\u017ei 120 minut +20 min zdarma<\/div><\/div><\/td><td>\u00a0<\/td><td>\u00a0<\/td><td>\u00a0<\/td><\/tr><tr><td>Mas\u00e1\u017e pro p\u00e1ry<\/td><td>60 min<\/td><td>4\u00a0500 K\u010d<\/td><td>205 \u20ac<\/td><td>-200 K\u010d<\/td><\/tr><tr><td>\u00a0<\/td><td>90 min<\/td><td>5\u00a0500 K\u010d<\/td><td>250 \u20ac<\/td><td>-300 K\u010d<\/td><\/tr><tr><td>\u00a0<\/td><td>120 min<\/td><td>6\u00a0600 K\u010d<\/td><td>300 \u20ac<\/td><td>-300 K\u010d<\/td><\/tr><tr><td>Outcall mas\u00e1\u017e<\/td><td>60 min<\/td><td>3\u00a0500 K\u010d<\/td><td>159 \u20ac<\/td><td>-300 K\u010d<\/td><\/tr><tr><td>\u00a0<\/td><td>90 min<\/td><td>4\u00a0500 K\u010d<\/td><td>205 \u20ac<\/td><td>-300 K\u010d<\/td><\/tr><tr><td>\u00a0<\/td><td>\u00a0<\/td><td>\u00a0<\/td><td>\u00a0<\/td><td>\u00a0<\/td><\/tr><tr><td>Extra slu\u017eby pouze po domluv\u011b s mas\u00e9rkou:<\/td><td>\u00a0<\/td><td>\u00a0<\/td><td>\u00a0<\/td><td>\u00a0<\/td><\/tr><tr><td>Slu\u017eba<\/td><td>\u00a0<\/td><td>Cena (CZK)<\/td><td>Cena (\u20ac)<\/td><td>\u00a0<\/td><\/tr><tr><td>BDSM<\/td><td>\u00a0<\/td><td>1\u00a0000 K\u010d<\/td><td>45 \u20ac<\/td><td>\u00a0<\/td><\/tr><tr><td>Foot fetish<\/td><td>\u00a0<\/td><td>500 K\u010d<\/td><td>25 \u20ac<\/td><td>\u00a0<\/td><\/tr><tr><td>Foot job<\/td><td>\u00a0<\/td><td>500 K\u010d<\/td><td>25 \u20ac<\/td><td>\u00a0<\/td><\/tr><tr><td>Francouzsk\u00e9 l\u00edb\u00e1n\u00ed<\/td><td>\u00a0<\/td><td>500 K\u010d<\/td><td>25 \u20ac<\/td><td>\u00a0<\/td><\/tr><tr><td>Lesbi show<\/td><td>\u00a0<\/td><td>1\u00a0800 K\u010d<\/td><td>85 \u20ac<\/td><td>\u00a0<\/td><\/tr><tr><td>Mas\u00e1\u017e mas\u00e9rce<\/td><td>\u00a0<\/td><td>500 K\u010d<\/td><td>25 \u20ac<\/td><td>\u00a0<\/td><\/tr><tr><td>Mas\u00e1\u017e prostaty<\/td><td>\u00a0<\/td><td>500 K\u010d<\/td><td>25 \u20ac<\/td><td>\u00a0<\/td><\/tr><tr><td>Pussycat<\/td><td>\u00a0<\/td><td>1\u00a0000 K\u010d<\/td><td>45 \u20ac<\/td><td>\u00a0<\/td><\/tr><tr><td>\u00davodn\u00ed sprcha s mas\u00e9rkou<\/td><td>\u00a0<\/td><td>300 K\u010d<\/td><td>15 \u20ac<\/td><td>\u00a0<\/td><\/tr><tr><td>VIP Company<\/td><td>\u00a0<\/td><td>1\u00a0000 K\u010d<\/td><td>45 \u20ac<\/td><td>\u00a0<\/td><\/tr><\/tbody><\/table>\t\t\t\t\t\t\t\t<\/div>\n\t\t\t\t<\/div>\n\t\t\t\t<\/div>\n\t\t\t\t<\/div>\n\t\t\t\t\t<\/div>\n\t\t\t\t<\/div>\n\t\t\t\t<\/div>\n\t\t","protected":false},"excerpt":{"rendered":"<p>Ceny mas\u00e1\u017e\u00ed Ceny mas\u00e1\u017e\u00ed ve Velvet Touch jsou f\u00e9rov\u00e9 a kone\u010dn\u00e9.V cen\u011b je zahrnuto v\u0161e pro v\u00e1\u0161 maxim\u00e1ln\u00ed komfort, od spole\u010dn\u00e9 sprchy po mas\u00e1\u017ei a\u017e po vz\u00e1jemn\u00e9 doteky a neomezen\u00e9 vyvrcholen\u00ed. U n\u00e1s v\u00edte p\u0159esn\u011b, za co plat\u00edte \u2013 \u017e\u00e1dn\u00e1 nep\u0159\u00edjemn\u00e1 p\u0159ekvapen\u00ed.P\u0159ij\u00edm\u00e1me platby v CZK i EUR. Typ mas\u00e1\u017ee D\u00e9lka Cena (CZK) Cena (\u20ac) Happy [&hellip;]<\/p>\n","protected":false},"author":1,"featured_media":0,"parent":0,"menu_order":0,"comment_status":"closed","ping_status":"closed","template":"","meta":{"_acf_changed":false,"footnotes":""},"class_list":["post-342","page","type-page","status-publish","hentry"],"acf":[],"_links":{"self":[{"href":"https:\/\/velvetmassage.cz\/cs\/wp-json\/wp\/v2\/pages\/342","targetHints":{"allow":["GET"]}}],"collection":[{"href":"https:\/\/velvetmassage.cz\/cs\/wp-json\/wp\/v2\/pages"}],"about":[{"href":"https:\/\/velvetmassage.cz\/cs\/wp-json\/wp\/v2\/types\/page"}],"author":[{"embeddable":true,"href":"https:\/\/velvetmassage.cz\/cs\/wp-json\/wp\/v2\/users\/1"}],"replies":[{"embeddable":true,"href":"https:\/\/velvetmassage.cz\/cs\/wp-json\/wp\/v2\/comments?post=342"}],"version-history":[{"count":0,"href":"https:\/\/velvetmassage.cz\/cs\/wp-json\/wp\/v2\/pages\/342\/revisions"}],"wp:attachment":[{"href":"https:\/\/velvetmassage.cz\/cs\/wp-json\/wp\/v2\/media?parent=342"}],"curies":[{"name":"wp","href":"https:\/\/api.w.org\/{rel}","templated":true}]}}